{"id":497,"date":"2018-07-06T11:50:34","date_gmt":"2018-07-06T14:50:34","guid":{"rendered":"http:\/\/capoeiraviva.lucaslima.blog.br\/?page_id=497"},"modified":"2020-03-06T12:43:16","modified_gmt":"2020-03-06T15:43:16","slug":"escolha-seu-plano","status":"publish","type":"page","link":"https:\/\/www.capoeiraviva.net\/en\/escolha-seu-plano\/","title":{"rendered":"Sign up for CapoeiraViva.net"},"content":{"rendered":"We&#8217;ve prepared 3 options for you to sign up and support CapoeiraViva.net&#8217;s work All of them will provide you unlimited access to all the content we produce!<\/p>\n<style> \/* simple flat #508 *\/#ptp-508{border-color:#ddd;padding:0;margin-left:0;margin-right:0}#ptp-508 div.ptp-item-container{border-radius:4px}#ptp-508 div.ptp-item-container div{margin:0}#ptp-508 .ptp-highlight div.ptp-item-container{border-color:#ddd}#ptp-508 div.ptp-plan{border-top-right-radius:4px;border-top-left-radius:4px;font-size:1.3em;border-color:#ddd;background-color:#ddd;color:#333;padding:.9375em 1.25em}#ptp-508 div.ptp-plan .has-tip{border-bottom:dotted 1px #333;color:#333}#ptp-508 .ptp-highlight div.ptp-plan{border-color:#ddd;background-color:#ddd;color:#333}#ptp-508 .ptp-highlight div.ptp-plan .has-tip{border-bottom:dotted 1px #333;color:#333}#ptp-508 div.ptp-price{font-size:1.25em;background-color:#eee;color:#333;padding:.9375em 1.25em}#ptp-508 div.ptp-price .has-tip{border-bottom:dotted 1px #333;color:#333}#ptp-508 .ptp-highlight div.ptp-price{background-color:#eee;color:#333}#ptp-508 .ptp-highlight div.ptp-price .has-tip{border-bottom:dotted 1px #333;color:#333}#ptp-508 div.ptp-cta{border-bottom-right-radius:4px;border-bottom-left-radius:4px;background-color:#eee;padding-top:1.25em;padding-bottom:1.25em}#ptp-508 .ptp-highlight div.ptp-cta{background-color:#eee}#ptp-508 a.ptp-button{border-radius:4px;font-size:1.3em;color:#fff;background-color:#dd9323;border-bottom:#d36f2c 4px solid;margin:0}#ptp-508 a.ptp-button .has-tip,#ptp-508 a.ptp-button:hover .has-tip{border-bottom:dotted 1px #fff;color:#fff}#ptp-508 a.ptp-button:hover{background-color:#d36f2c}#ptp-508 div.ptp-bullet-item{color:#333;background-color:#fff;font-size:1em;border-color:#ddd;padding:.9375em .5em .9375em .5em}#ptp-508 .ptp-highlight .ptp-bullet-item{color:#333;border-color:#ddd;background-color:#fff}#ptp-508 .ptp-highlight a.ptp-button{color:#fff;background-color:#e74c3c;border-bottom:#c0392b 4px solid}#ptp-508 .ptp-highlight a.ptp-button:hover{background-color:#c0392b}#ptp-508 .ptp-highlight a.ptp-button .has-tip{border-bottom:dotted 1px #fff;color:#fff}#ptp-508 div.ptp-most-popular{border-radius:4px;font-size:.9em;background-color:#7f8c8d;color:#fff;border:1px solid #7f8c8d}\/* end of simple flat #508 *\/<\/style>        <script type=\"text\/javascript\">\n         jQuery(document).ready(function($) {\n            jQuery.call_match_height_508 = function call_match_height_design1(ptp_id) {\n                                $( ptp_id+' .ptp-plan' ).matchHeight(false); \n                                $( ptp_id+' .ptp-cta' ).matchHeight(false); \n                                $( ptp_id+' .ptp-price' ).matchHeight(false);\n                                $( ptp_id+' .ptp-button' ).matchHeight(false);\n\n                                $( ptp_id+' .ptp-bullet-item' ).each(function( index ){\n                                    $( ptp_id+' .ptp-row-id-'+index ).matchHeight(false);\n             \n                                });  \n                         }\n            var ptp_id = '#ptp-'+508 ;\n            $.call_match_height_508 ( ptp_id );              \n         });\n      <\/script>\n      \n        <div id=\"ptp-508\" class=\"ptp-pricing-table\" ><div class=\"ptp-col ptp-three-col ptp-highlight ptp-col-id-0 dh-ptp-col-id-0\"><div class=\"ptp-most-popular\">Most Popular<\/div><div class=\"ptp-item-container\"><div class=\"ptp-plan\">Partner<\/div><div class=\"ptp-price\">12 Months (~$9.99\/mo)<\/div><div class=\"ptp-bullet-item ptp-row-id-0\">*** Billed annually in BRL ***\r<\/div><div class=\"ptp-bullet-item ptp-row-id-1\">Supports CapoeiraViva.net and has unlimited access for 12 months\r<\/div><div class=\"ptp-bullet-item ptp-row-id-2\">Capoeira Rodas\r<\/div><div class=\"ptp-bullet-item ptp-row-id-3\">Cultural Events\r<\/div><div class=\"ptp-bullet-item ptp-row-id-4\">Exclusive Interviews<\/div><div class=\"ptp-cta\"><a class=\"ptp-button ptp-checkout-button\" id=\"ptp-508-cta-0\"  href=\"http:\/\/www.capoeiraviva.net\/en\/escolha-seu-plano\/partner\/\" >Sign Up<\/a><\/div><\/div><\/div><div class=\"ptp-col ptp-three-col  ptp-col-id-1 dh-ptp-col-id-1\"><div class=\"ptp-not-most-popular\">&nbsp;<\/div><div class=\"ptp-item-container\"><div class=\"ptp-plan\">Collaborator<\/div><div class=\"ptp-price\">6 Months (~$12.99\/mo)<\/div><div class=\"ptp-bullet-item ptp-row-id-0\">*** Billed every half-year in BRL ***\r<\/div><div class=\"ptp-bullet-item ptp-row-id-1\">Supports CapoeiraViva.net and has unlimited access for 6 months\r<\/div><div class=\"ptp-bullet-item ptp-row-id-2\">Capoeira Rodas\r<\/div><div class=\"ptp-bullet-item ptp-row-id-3\">Cultural Events\r<\/div><div class=\"ptp-bullet-item ptp-row-id-4\">Exclusive Interviews<\/div><div class=\"ptp-cta\"><a class=\"ptp-button ptp-checkout-button\" id=\"ptp-508-cta-1\"  href=\"http:\/\/www.capoeiraviva.net\/en\/escolha-seu-plano\/collaborator\/\" >Sign Up<\/a><\/div><\/div><\/div><div class=\"ptp-col ptp-three-col  ptp-col-id-2 dh-ptp-col-id-2\"><div class=\"ptp-not-most-popular\">&nbsp;<\/div><div class=\"ptp-item-container\"><div class=\"ptp-plan\">Supporter<\/div><div class=\"ptp-price\">3 Months  (~$14.99\/mo)<\/div><div class=\"ptp-bullet-item ptp-row-id-0\">*** Billed quarterly in BRL ***\r<\/div><div class=\"ptp-bullet-item ptp-row-id-1\">Supports CapoeiraViva.net and has unlimited access for 3 months\r<\/div><div class=\"ptp-bullet-item ptp-row-id-2\">Capoeira Rodas\r<\/div><div class=\"ptp-bullet-item ptp-row-id-3\">Cultural Events\r<\/div><div class=\"ptp-bullet-item ptp-row-id-4\">Exclusive Interviews<\/div><div class=\"ptp-cta\"><a class=\"ptp-button ptp-checkout-button\" id=\"ptp-508-cta-2\"  href=\"http:\/\/www.capoeiraviva.net\/en\/escolha-seu-plano\/supporter\/\" >Sign Up<\/a><\/div><\/div><\/div><\/div>\n<h6>We also offer a monthly subscription (Donor &#8211; 1 Month):<\/h6>\n<p><a class=\"btn btn-theme-primary btn-lg\" href=\"http:\/\/www.capoeiraviva.net\/escolha-seu-plano\/doador\/\">I Want &#8220;Donor &#8211; 1 Month&#8221;<\/a>","protected":false},"excerpt":{"rendered":"<p>We&#8217;ve prepared 3 options for you to sign up and support CapoeiraViva.net&#8217;s work All of them will provide you unlimited access to all the content we produce! We also offer &#8230;<\/p>\n","protected":false},"author":1,"featured_media":529,"parent":0,"menu_order":0,"comment_status":"closed","ping_status":"closed","template":"","meta":{"_monsterinsights_skip_tracking":false,"_monsterinsights_sitenote_active":false,"_monsterinsights_sitenote_note":"","_monsterinsights_sitenote_category":0,"footnotes":"","_links_to":"","_links_to_target":""},"class_list":["post-497","page","type-page","status-publish","has-post-thumbnail","hentry"],"yoast_head":"<!-- This site is optimized with the Yoast SEO plugin v27.5 - https:\/\/yoast.com\/product\/yoast-seo-wordpress\/ -->\n<title>Sign up for CapoeiraViva.net - CapoeiraViva.net<\/title>\n<meta name=\"description\" content=\"Ajude-nos a manter viva a hist\u00f3ria da capoeira de S\u00e3o Paulo. Escolha seu plano de apoio e tenha acesso a todo o conte\u00fado produzido pela equipe do CapoeiraViva.net e disponibilizado pra voc\u00ea curtir, compartilhar e aprender!\" \/>\n<meta name=\"robots\" content=\"index, follow, max-snippet:-1, max-image-preview:large, max-video-preview:-1\" \/>\n<link rel=\"canonical\" href=\"https:\/\/www.capoeiraviva.net\/escolha-seu-plano\/\" \/>\n<meta property=\"og:locale\" content=\"en_US\" \/>\n<meta property=\"og:type\" content=\"article\" \/>\n<meta property=\"og:title\" content=\"Apoie o CapoeiraViva.net\" \/>\n<meta property=\"og:description\" content=\"Ajude-nos a manter viva a hist\u00f3ria da capoeira de S\u00e3o Paulo. Escolha seu plano de apoio e tenha acesso a todo o conte\u00fado produzido pela equipe do CapoeiraViva.net e disponibilizado pra voc\u00ea curtir, compartilhar e aprender!\" \/>\n<meta property=\"og:url\" content=\"https:\/\/www.capoeiraviva.net\/escolha-seu-plano\/\" \/>\n<meta property=\"og:site_name\" content=\"CapoeiraViva.net\" \/>\n<meta property=\"article:publisher\" content=\"https:\/\/www.facebook.com\/capoeiradarepublica\/\" \/>\n<meta property=\"article:modified_time\" content=\"2020-03-06T15:43:16+00:00\" \/>\n<meta property=\"og:image\" content=\"https:\/\/www.capoeiraviva.net\/wp-content\/uploads\/2019\/03\/Slice-3.jpg\" \/>\n\t<meta property=\"og:image:width\" content=\"1345\" \/>\n\t<meta property=\"og:image:height\" content=\"628\" \/>\n\t<meta property=\"og:image:type\" content=\"image\/jpeg\" \/>\n<meta name=\"twitter:card\" content=\"summary_large_image\" \/>\n<script type=\"application\/ld+json\" class=\"yoast-schema-graph\">{\"@context\":\"https:\\\/\\\/schema.org\",\"@graph\":[{\"@type\":\"WebPage\",\"@id\":\"https:\\\/\\\/www.capoeiraviva.net\\\/escolha-seu-plano\\\/\",\"url\":\"https:\\\/\\\/www.capoeiraviva.net\\\/escolha-seu-plano\\\/\",\"name\":\"Sign up for CapoeiraViva.net - CapoeiraViva.net\",\"isPartOf\":{\"@id\":\"https:\\\/\\\/www.capoeiraviva.net\\\/#website\"},\"primaryImageOfPage\":{\"@id\":\"https:\\\/\\\/www.capoeiraviva.net\\\/escolha-seu-plano\\\/#primaryimage\"},\"image\":{\"@id\":\"https:\\\/\\\/www.capoeiraviva.net\\\/escolha-seu-plano\\\/#primaryimage\"},\"thumbnailUrl\":\"https:\\\/\\\/www.capoeiraviva.net\\\/wp-content\\\/uploads\\\/2018\\\/07\\\/18156610_1649700848377658_39033804597793469_o.jpg\",\"datePublished\":\"2018-07-06T14:50:34+00:00\",\"dateModified\":\"2020-03-06T15:43:16+00:00\",\"description\":\"Ajude-nos a manter viva a hist\u00f3ria da capoeira de S\u00e3o Paulo. Escolha seu plano de apoio e tenha acesso a todo o conte\u00fado produzido pela equipe do CapoeiraViva.net e disponibilizado pra voc\u00ea curtir, compartilhar e aprender!\",\"breadcrumb\":{\"@id\":\"https:\\\/\\\/www.capoeiraviva.net\\\/escolha-seu-plano\\\/#breadcrumb\"},\"inLanguage\":\"en-US\",\"potentialAction\":[{\"@type\":\"ReadAction\",\"target\":[\"https:\\\/\\\/www.capoeiraviva.net\\\/escolha-seu-plano\\\/\"]}]},{\"@type\":\"ImageObject\",\"inLanguage\":\"en-US\",\"@id\":\"https:\\\/\\\/www.capoeiraviva.net\\\/escolha-seu-plano\\\/#primaryimage\",\"url\":\"https:\\\/\\\/www.capoeiraviva.net\\\/wp-content\\\/uploads\\\/2018\\\/07\\\/18156610_1649700848377658_39033804597793469_o.jpg\",\"contentUrl\":\"https:\\\/\\\/www.capoeiraviva.net\\\/wp-content\\\/uploads\\\/2018\\\/07\\\/18156610_1649700848377658_39033804597793469_o.jpg\",\"width\":2048,\"height\":1365},{\"@type\":\"BreadcrumbList\",\"@id\":\"https:\\\/\\\/www.capoeiraviva.net\\\/escolha-seu-plano\\\/#breadcrumb\",\"itemListElement\":[{\"@type\":\"ListItem\",\"position\":1,\"name\":\"In\u00edcio\",\"item\":\"https:\\\/\\\/www.capoeiraviva.net\\\/\"},{\"@type\":\"ListItem\",\"position\":2,\"name\":\"Escolha seu Plano de Apoio\"}]},{\"@type\":\"WebSite\",\"@id\":\"https:\\\/\\\/www.capoeiraviva.net\\\/#website\",\"url\":\"https:\\\/\\\/www.capoeiraviva.net\\\/\",\"name\":\"CapoeiraViva.net\",\"description\":\"Acervo audiovisual de registro hist\u00f3rico da capoeira em S\u00e3o Paulo\",\"publisher\":{\"@id\":\"https:\\\/\\\/www.capoeiraviva.net\\\/#organization\"},\"potentialAction\":[{\"@type\":\"SearchAction\",\"target\":{\"@type\":\"EntryPoint\",\"urlTemplate\":\"https:\\\/\\\/www.capoeiraviva.net\\\/?s={search_term_string}\"},\"query-input\":{\"@type\":\"PropertyValueSpecification\",\"valueRequired\":true,\"valueName\":\"search_term_string\"}}],\"inLanguage\":\"en-US\"},{\"@type\":\"Organization\",\"@id\":\"https:\\\/\\\/www.capoeiraviva.net\\\/#organization\",\"name\":\"CapoeiraViva.net\",\"url\":\"https:\\\/\\\/www.capoeiraviva.net\\\/\",\"logo\":{\"@type\":\"ImageObject\",\"inLanguage\":\"en-US\",\"@id\":\"https:\\\/\\\/www.capoeiraviva.net\\\/#\\\/schema\\\/logo\\\/image\\\/\",\"url\":\"https:\\\/\\\/www.capoeiraviva.net\\\/wp-content\\\/uploads\\\/2018\\\/07\\\/Capture-1.png\",\"contentUrl\":\"https:\\\/\\\/www.capoeiraviva.net\\\/wp-content\\\/uploads\\\/2018\\\/07\\\/Capture-1.png\",\"width\":390,\"height\":108,\"caption\":\"CapoeiraViva.net\"},\"image\":{\"@id\":\"https:\\\/\\\/www.capoeiraviva.net\\\/#\\\/schema\\\/logo\\\/image\\\/\"},\"sameAs\":[\"https:\\\/\\\/www.facebook.com\\\/capoeiradarepublica\\\/\",\"https:\\\/\\\/www.instagram.com\\\/capoeiraviva\\\/\",\"https:\\\/\\\/www.youtube.com\\\/channel\\\/UCmltguCAFi1opI8iqfMF7ug\\\/feed\"]}]}<\/script>\n<!-- \/ Yoast SEO plugin. -->","yoast_head_json":{"title":"Sign up for CapoeiraViva.net - CapoeiraViva.net","description":"Ajude-nos a manter viva a hist\u00f3ria da capoeira de S\u00e3o Paulo. Escolha seu plano de apoio e tenha acesso a todo o conte\u00fado produzido pela equipe do CapoeiraViva.net e disponibilizado pra voc\u00ea curtir, compartilhar e aprender!","robots":{"index":"index","follow":"follow","max-snippet":"max-snippet:-1","max-image-preview":"max-image-preview:large","max-video-preview":"max-video-preview:-1"},"canonical":"https:\/\/www.capoeiraviva.net\/escolha-seu-plano\/","og_locale":"en_US","og_type":"article","og_title":"Apoie o CapoeiraViva.net","og_description":"Ajude-nos a manter viva a hist\u00f3ria da capoeira de S\u00e3o Paulo. Escolha seu plano de apoio e tenha acesso a todo o conte\u00fado produzido pela equipe do CapoeiraViva.net e disponibilizado pra voc\u00ea curtir, compartilhar e aprender!","og_url":"https:\/\/www.capoeiraviva.net\/escolha-seu-plano\/","og_site_name":"CapoeiraViva.net","article_publisher":"https:\/\/www.facebook.com\/capoeiradarepublica\/","article_modified_time":"2020-03-06T15:43:16+00:00","og_image":[{"width":1345,"height":628,"url":"https:\/\/www.capoeiraviva.net\/wp-content\/uploads\/2019\/03\/Slice-3.jpg","type":"image\/jpeg"}],"twitter_card":"summary_large_image","schema":{"@context":"https:\/\/schema.org","@graph":[{"@type":"WebPage","@id":"https:\/\/www.capoeiraviva.net\/escolha-seu-plano\/","url":"https:\/\/www.capoeiraviva.net\/escolha-seu-plano\/","name":"Sign up for CapoeiraViva.net - CapoeiraViva.net","isPartOf":{"@id":"https:\/\/www.capoeiraviva.net\/#website"},"primaryImageOfPage":{"@id":"https:\/\/www.capoeiraviva.net\/escolha-seu-plano\/#primaryimage"},"image":{"@id":"https:\/\/www.capoeiraviva.net\/escolha-seu-plano\/#primaryimage"},"thumbnailUrl":"https:\/\/www.capoeiraviva.net\/wp-content\/uploads\/2018\/07\/18156610_1649700848377658_39033804597793469_o.jpg","datePublished":"2018-07-06T14:50:34+00:00","dateModified":"2020-03-06T15:43:16+00:00","description":"Ajude-nos a manter viva a hist\u00f3ria da capoeira de S\u00e3o Paulo. Escolha seu plano de apoio e tenha acesso a todo o conte\u00fado produzido pela equipe do CapoeiraViva.net e disponibilizado pra voc\u00ea curtir, compartilhar e aprender!","breadcrumb":{"@id":"https:\/\/www.capoeiraviva.net\/escolha-seu-plano\/#breadcrumb"},"inLanguage":"en-US","potentialAction":[{"@type":"ReadAction","target":["https:\/\/www.capoeiraviva.net\/escolha-seu-plano\/"]}]},{"@type":"ImageObject","inLanguage":"en-US","@id":"https:\/\/www.capoeiraviva.net\/escolha-seu-plano\/#primaryimage","url":"https:\/\/www.capoeiraviva.net\/wp-content\/uploads\/2018\/07\/18156610_1649700848377658_39033804597793469_o.jpg","contentUrl":"https:\/\/www.capoeiraviva.net\/wp-content\/uploads\/2018\/07\/18156610_1649700848377658_39033804597793469_o.jpg","width":2048,"height":1365},{"@type":"BreadcrumbList","@id":"https:\/\/www.capoeiraviva.net\/escolha-seu-plano\/#breadcrumb","itemListElement":[{"@type":"ListItem","position":1,"name":"In\u00edcio","item":"https:\/\/www.capoeiraviva.net\/"},{"@type":"ListItem","position":2,"name":"Escolha seu Plano de Apoio"}]},{"@type":"WebSite","@id":"https:\/\/www.capoeiraviva.net\/#website","url":"https:\/\/www.capoeiraviva.net\/","name":"CapoeiraViva.net","description":"Acervo audiovisual de registro hist\u00f3rico da capoeira em S\u00e3o Paulo","publisher":{"@id":"https:\/\/www.capoeiraviva.net\/#organization"},"potentialAction":[{"@type":"SearchAction","target":{"@type":"EntryPoint","urlTemplate":"https:\/\/www.capoeiraviva.net\/?s={search_term_string}"},"query-input":{"@type":"PropertyValueSpecification","valueRequired":true,"valueName":"search_term_string"}}],"inLanguage":"en-US"},{"@type":"Organization","@id":"https:\/\/www.capoeiraviva.net\/#organization","name":"CapoeiraViva.net","url":"https:\/\/www.capoeiraviva.net\/","logo":{"@type":"ImageObject","inLanguage":"en-US","@id":"https:\/\/www.capoeiraviva.net\/#\/schema\/logo\/image\/","url":"https:\/\/www.capoeiraviva.net\/wp-content\/uploads\/2018\/07\/Capture-1.png","contentUrl":"https:\/\/www.capoeiraviva.net\/wp-content\/uploads\/2018\/07\/Capture-1.png","width":390,"height":108,"caption":"CapoeiraViva.net"},"image":{"@id":"https:\/\/www.capoeiraviva.net\/#\/schema\/logo\/image\/"},"sameAs":["https:\/\/www.facebook.com\/capoeiradarepublica\/","https:\/\/www.instagram.com\/capoeiraviva\/","https:\/\/www.youtube.com\/channel\/UCmltguCAFi1opI8iqfMF7ug\/feed"]}]}},"_links":{"self":[{"href":"https:\/\/www.capoeiraviva.net\/en\/wp-json\/wp\/v2\/pages\/497","targetHints":{"allow":["GET"]}}],"collection":[{"href":"https:\/\/www.capoeiraviva.net\/en\/wp-json\/wp\/v2\/pages"}],"about":[{"href":"https:\/\/www.capoeiraviva.net\/en\/wp-json\/wp\/v2\/types\/page"}],"author":[{"embeddable":true,"href":"https:\/\/www.capoeiraviva.net\/en\/wp-json\/wp\/v2\/users\/1"}],"replies":[{"embeddable":true,"href":"https:\/\/www.capoeiraviva.net\/en\/wp-json\/wp\/v2\/comments?post=497"}],"version-history":[{"count":24,"href":"https:\/\/www.capoeiraviva.net\/en\/wp-json\/wp\/v2\/pages\/497\/revisions"}],"predecessor-version":[{"id":1789,"href":"https:\/\/www.capoeiraviva.net\/en\/wp-json\/wp\/v2\/pages\/497\/revisions\/1789"}],"wp:featuredmedia":[{"embeddable":true,"href":"https:\/\/www.capoeiraviva.net\/en\/wp-json\/wp\/v2\/media\/529"}],"wp:attachment":[{"href":"https:\/\/www.capoeiraviva.net\/en\/wp-json\/wp\/v2\/media?parent=497"}],"curies":[{"name":"wp","href":"https:\/\/api.w.org\/{rel}","templated":true}]}}