{"id":1270,"date":"2019-02-24T02:02:39","date_gmt":"2019-02-24T05:02:39","guid":{"rendered":"http:\/\/www.lucaslima.a2hosted.com\/capoeiraviva\/?page_id=1270"},"modified":"2020-04-28T21:12:42","modified_gmt":"2020-04-29T00:12:42","slug":"como-funciona","status":"publish","type":"page","link":"https:\/\/www.capoeiraviva.net\/en\/como-funciona\/","title":{"rendered":"About Us"},"content":{"rendered":"[aesop_chapter  title=&#8221;Takes Sweat, Hard Work and Fun&#8221; bgtype=&#8221;video&#8221; full=&#8221;on&#8221; img=&#8221;https:\/\/www.capoeiraviva.net\/wp-content\/uploads\/2019\/02\/praca_republica_4.mp4&#8243; alternate_img=&#8221;https:\/\/www.capoeiraviva.net\/wp-content\/uploads\/2018\/11\/Mestre-Macaco-Santana.jpg&#8221; video_autoplay=&#8221;play_scroll&#8221; bgcolor=&#8221;#888888&#8243; minheight=&#8221;300px&#8221; maxheight=&#8221;400px&#8221; revealfx=&#8221;inplaceslow&#8221; overlay_revealfx=&#8221;off&#8221;]\n<h2 style=\"text-align: center;\">About 10 hours of dedication every week recording, editing and publishing videos!<\/h2>\n\n<h3 style=\"text-align: center;\">Besides all the social media work and maintenance needed for our infra-structure to allow us make available the capoeira art from Sao Paulo, exclusively for you to enjoy anywhere, and anytime.<\/h3>\n<h3 style=\"text-align: center;\"><\/h3>\n\n\n[aesop_chapter  title=&#8221;It&#8217;s about PEOPLE,&#8221; subtitle=&#8221;not about money&#8221; bgtype=&#8221;img&#8221; full=&#8221;on&#8221; img=&#8221;https:\/\/www.capoeiraviva.net\/wp-content\/uploads\/2018\/12\/bate-papo-dunga.jpg&#8221; video_autoplay=&#8221;play_scroll&#8221; bgcolor=&#8221;#ff9300&#8243; minheight=&#8221;300px&#8221; maxheight=&#8221;400px&#8221; revealfx=&#8221;off&#8221; overlay_revealfx=&#8221;off&#8221;]\n<div class=\"aesop-component-mask mceNonEditable unselectable\"><\/div>\n<h2 style=\"text-align: center;\" align=\"justify\">It&#8217;s an extensive work that unfortunately translates into financial expenses and that&#8217;s the reason we ask you in exchange to support our work through our <a href=\"https:\/\/www.capoeiraviva.net\/en\/escolha-seu-plano\/\" target=\"_blank\" rel=\"noopener noreferrer\">subscription plans<\/a>.<\/h2>\n\n<h3 align=\"justify\">Your donation is crucial for us to ensure we keep the minimum requirements for maintenance of our audiovisual historical archive, giving visibility to capoeiras and Mestres, and helping highlight important and relevant aspects of the history of a our people and their Mestres.<\/h3>\n\n<blockquote>\n<p align=\"justify\">Although we need your financial support, a good portion of the material we produce is open and free on Facebook &#8220;<a href=\"https:\/\/www.facebook.com\/capoeiradarepublica\/\" target=\"_blank\" rel=\"noopener noreferrer\">Capoeira Pra\u00e7a da Rep\u00fablica SP<\/a>&#8220;, on YouTube &#8220;<a href=\"https:\/\/www.youtube.com\/user\/froussenq\/videos\" target=\"_blank\" rel=\"noopener noreferrer\">CapoeiraViva.net<\/a>&#8221; and in our <a href=\"https:\/\/www.capoeiraviva.net\/en\/category\/videos-capoeira-acervo-aberto\/\" target=\"_blank\" rel=\"noopener noreferrer\">Open Archive<\/a> as a way to show you our commitment to a responsible source of knowledge and that we are not here for the money.<\/p>\n<\/blockquote>\n\n\n[aesop_chapter  title=&#8221;Entertainment&#8221; subtitle=&#8221;With Responsibility&#8221; bgtype=&#8221;img&#8221; full=&#8221;on&#8221; img=&#8221;https:\/\/www.capoeiraviva.net\/wp-content\/uploads\/2018\/10\/Bate-Papo-mestre-Moa-do-Katende.jpg&#8221; video_autoplay=&#8221;play_scroll&#8221; bgcolor=&#8221;#888888&#8243; maxheight=&#8221;300px&#8221; revealfx=&#8221;off&#8221; overlay_revealfx=&#8221;off&#8221;]\n<h2 style=\"text-align: center;\">Several hours of Capoeira games, events and interviews recorded and published for about 5 years!<\/h2>\n\n<blockquote>\n<p style=\"text-align: left;\">Everything you watch on YouTube is <a href=\"https:\/\/www.feedough.com\/youtube-business-model-how-does-youtube-make-money\/\" target=\"_blank\" rel=\"noopener noreferrer\">capitalized ($$) by Youtube shareholders through advertisement<\/a> with not a penny returned to Capoeira development! There is no closed cycle that returns the earned capital to those Capoeiras in Sao Paulo and the CapoeiraViva.net wants to become an alternative that closes this cycle and brings the capital back to those capoeiras and Mestres that dedicate their lives for Capoeira in Sao Paulo! We want your financial support to be reinvested in capoeira to then create a nice sustainable cycle of exchange between you and the the people that makes the history of capoeira in Sao Paulo alive.<\/p>\n<\/blockquote>\n\n<h3 style=\"text-align: left;\">We invite you to experience our platform and ask you to please share your opinion about our content so we can make it better, developing our initiative to make the whole chain stronger.<\/h3>\n\n<h3>Thank you for reading this message until here! =)<\/h3>\n<h3>CapoeiraViva.net Team<\/h3>","protected":false},"excerpt":{"rendered":"<p>[aesop_chapter title=&#8221;Takes Sweat, Hard Work and Fun&#8221; bgtype=&#8221;video&#8221; full=&#8221;on&#8221; img=&#8221;https:\/\/www.capoeiraviva.net\/wp-content\/uploads\/2019\/02\/praca_republica_4.mp4&#8243; alternate_img=&#8221;https:\/\/www.capoeiraviva.net\/wp-content\/uploads\/2018\/11\/Mestre-Macaco-Santana.jpg&#8221; video_autoplay=&#8221;play_scroll&#8221; bgcolor=&#8221;#888888&#8243; minheight=&#8221;300px&#8221; maxheight=&#8221;400px&#8221; revealfx=&#8221;inplaceslow&#8221; overlay_revealfx=&#8221;off&#8221;] About 10 hours of dedication every week recording, editing and publishing videos! Besides &#8230;<\/p>\n","protected":false},"author":1,"featured_media":684,"parent":0,"menu_order":0,"comment_status":"closed","ping_status":"closed","template":"","meta":{"_monsterinsights_skip_tracking":false,"_monsterinsights_sitenote_active":false,"_monsterinsights_sitenote_note":"","_monsterinsights_sitenote_category":0,"footnotes":"","_links_to":"","_links_to_target":""},"class_list":["post-1270","page","type-page","status-publish","has-post-thumbnail","hentry"],"yoast_head":"<!-- This site is optimized with the Yoast SEO plugin v27.5 - https:\/\/yoast.com\/product\/yoast-seo-wordpress\/ -->\n<title>About Us - CapoeiraViva.net<\/title>\n<meta name=\"description\" content=\"(Portugu\u00eas do Brasil) S\u00e3o mais de 10 horas dedicados todas \u00e0s semanas gravando, editando e publicando v\u00eddeos! S\u00e3o in\u00fameras horas de jogos, eventos e entrevistas capturados e publicados h\u00e1 aproximadamente 5 anos aqui no CapoeiraViva.net\" \/>\n<meta name=\"robots\" content=\"index, follow, max-snippet:-1, max-image-preview:large, max-video-preview:-1\" \/>\n<link rel=\"canonical\" href=\"https:\/\/www.capoeiraviva.net\/en\/como-funciona\/\" \/>\n<meta property=\"og:locale\" content=\"en_US\" \/>\n<meta property=\"og:type\" content=\"article\" \/>\n<meta property=\"og:title\" content=\"About Us - CapoeiraViva.net\" \/>\n<meta property=\"og:description\" content=\"(Portugu\u00eas do Brasil) S\u00e3o mais de 10 horas dedicados todas \u00e0s semanas gravando, editando e publicando v\u00eddeos! S\u00e3o in\u00fameras horas de jogos, eventos e entrevistas capturados e publicados h\u00e1 aproximadamente 5 anos aqui no CapoeiraViva.net\" \/>\n<meta property=\"og:url\" content=\"https:\/\/www.capoeiraviva.net\/en\/como-funciona\/\" \/>\n<meta property=\"og:site_name\" content=\"CapoeiraViva.net\" \/>\n<meta property=\"article:publisher\" content=\"https:\/\/www.facebook.com\/capoeiradarepublica\/\" \/>\n<meta property=\"article:modified_time\" content=\"2020-04-29T00:12:42+00:00\" \/>\n<meta property=\"og:image\" content=\"https:\/\/www.capoeiraviva.net\/wp-content\/uploads\/2018\/07\/18193281_1649698875044522_1124719130507390039_o-12-e1531704920430.jpg\" \/>\n\t<meta property=\"og:image:width\" content=\"1980\" \/>\n\t<meta property=\"og:image:height\" content=\"594\" \/>\n\t<meta property=\"og:image:type\" content=\"image\/jpeg\" \/>\n<meta name=\"twitter:card\" content=\"summary_large_image\" \/>\n<meta name=\"twitter:label1\" content=\"Est. reading time\" \/>\n\t<meta name=\"twitter:data1\" content=\"5 minutes\" \/>\n<script type=\"application\/ld+json\" class=\"yoast-schema-graph\">{\"@context\":\"https:\\\/\\\/schema.org\",\"@graph\":[{\"@type\":\"WebPage\",\"@id\":\"https:\\\/\\\/www.capoeiraviva.net\\\/en\\\/como-funciona\\\/\",\"url\":\"https:\\\/\\\/www.capoeiraviva.net\\\/en\\\/como-funciona\\\/\",\"name\":\"About Us - CapoeiraViva.net\",\"isPartOf\":{\"@id\":\"https:\\\/\\\/www.capoeiraviva.net\\\/#website\"},\"primaryImageOfPage\":{\"@id\":\"https:\\\/\\\/www.capoeiraviva.net\\\/en\\\/como-funciona\\\/#primaryimage\"},\"image\":{\"@id\":\"https:\\\/\\\/www.capoeiraviva.net\\\/en\\\/como-funciona\\\/#primaryimage\"},\"thumbnailUrl\":\"https:\\\/\\\/www.capoeiraviva.net\\\/wp-content\\\/uploads\\\/2018\\\/07\\\/18193281_1649698875044522_1124719130507390039_o-12-e1531704920430.jpg\",\"datePublished\":\"2019-02-24T05:02:39+00:00\",\"dateModified\":\"2020-04-29T00:12:42+00:00\",\"description\":\"(Portugu\u00eas do Brasil) S\u00e3o mais de 10 horas dedicados todas \u00e0s semanas gravando, editando e publicando v\u00eddeos! S\u00e3o in\u00fameras horas de jogos, eventos e entrevistas capturados e publicados h\u00e1 aproximadamente 5 anos aqui no CapoeiraViva.net\",\"breadcrumb\":{\"@id\":\"https:\\\/\\\/www.capoeiraviva.net\\\/en\\\/como-funciona\\\/#breadcrumb\"},\"inLanguage\":\"en-US\",\"potentialAction\":[{\"@type\":\"ReadAction\",\"target\":[\"https:\\\/\\\/www.capoeiraviva.net\\\/en\\\/como-funciona\\\/\"]}]},{\"@type\":\"ImageObject\",\"inLanguage\":\"en-US\",\"@id\":\"https:\\\/\\\/www.capoeiraviva.net\\\/en\\\/como-funciona\\\/#primaryimage\",\"url\":\"https:\\\/\\\/www.capoeiraviva.net\\\/wp-content\\\/uploads\\\/2018\\\/07\\\/18193281_1649698875044522_1124719130507390039_o-12-e1531704920430.jpg\",\"contentUrl\":\"https:\\\/\\\/www.capoeiraviva.net\\\/wp-content\\\/uploads\\\/2018\\\/07\\\/18193281_1649698875044522_1124719130507390039_o-12-e1531704920430.jpg\",\"width\":1980,\"height\":594},{\"@type\":\"BreadcrumbList\",\"@id\":\"https:\\\/\\\/www.capoeiraviva.net\\\/en\\\/como-funciona\\\/#breadcrumb\",\"itemListElement\":[{\"@type\":\"ListItem\",\"position\":1,\"name\":\"In\u00edcio\",\"item\":\"https:\\\/\\\/www.capoeiraviva.net\\\/\"},{\"@type\":\"ListItem\",\"position\":2,\"name\":\"About Us\"}]},{\"@type\":\"WebSite\",\"@id\":\"https:\\\/\\\/www.capoeiraviva.net\\\/#website\",\"url\":\"https:\\\/\\\/www.capoeiraviva.net\\\/\",\"name\":\"CapoeiraViva.net\",\"description\":\"Acervo audiovisual de registro hist\u00f3rico da capoeira em S\u00e3o Paulo\",\"publisher\":{\"@id\":\"https:\\\/\\\/www.capoeiraviva.net\\\/#organization\"},\"potentialAction\":[{\"@type\":\"SearchAction\",\"target\":{\"@type\":\"EntryPoint\",\"urlTemplate\":\"https:\\\/\\\/www.capoeiraviva.net\\\/?s={search_term_string}\"},\"query-input\":{\"@type\":\"PropertyValueSpecification\",\"valueRequired\":true,\"valueName\":\"search_term_string\"}}],\"inLanguage\":\"en-US\"},{\"@type\":\"Organization\",\"@id\":\"https:\\\/\\\/www.capoeiraviva.net\\\/#organization\",\"name\":\"CapoeiraViva.net\",\"url\":\"https:\\\/\\\/www.capoeiraviva.net\\\/\",\"logo\":{\"@type\":\"ImageObject\",\"inLanguage\":\"en-US\",\"@id\":\"https:\\\/\\\/www.capoeiraviva.net\\\/#\\\/schema\\\/logo\\\/image\\\/\",\"url\":\"https:\\\/\\\/www.capoeiraviva.net\\\/wp-content\\\/uploads\\\/2018\\\/07\\\/Capture-1.png\",\"contentUrl\":\"https:\\\/\\\/www.capoeiraviva.net\\\/wp-content\\\/uploads\\\/2018\\\/07\\\/Capture-1.png\",\"width\":390,\"height\":108,\"caption\":\"CapoeiraViva.net\"},\"image\":{\"@id\":\"https:\\\/\\\/www.capoeiraviva.net\\\/#\\\/schema\\\/logo\\\/image\\\/\"},\"sameAs\":[\"https:\\\/\\\/www.facebook.com\\\/capoeiradarepublica\\\/\",\"https:\\\/\\\/www.instagram.com\\\/capoeiraviva\\\/\",\"https:\\\/\\\/www.youtube.com\\\/channel\\\/UCmltguCAFi1opI8iqfMF7ug\\\/feed\"]}]}<\/script>\n<!-- \/ Yoast SEO plugin. -->","yoast_head_json":{"title":"About Us - CapoeiraViva.net","description":"(Portugu\u00eas do Brasil) S\u00e3o mais de 10 horas dedicados todas \u00e0s semanas gravando, editando e publicando v\u00eddeos! S\u00e3o in\u00fameras horas de jogos, eventos e entrevistas capturados e publicados h\u00e1 aproximadamente 5 anos aqui no CapoeiraViva.net","robots":{"index":"index","follow":"follow","max-snippet":"max-snippet:-1","max-image-preview":"max-image-preview:large","max-video-preview":"max-video-preview:-1"},"canonical":"https:\/\/www.capoeiraviva.net\/en\/como-funciona\/","og_locale":"en_US","og_type":"article","og_title":"About Us - CapoeiraViva.net","og_description":"(Portugu\u00eas do Brasil) S\u00e3o mais de 10 horas dedicados todas \u00e0s semanas gravando, editando e publicando v\u00eddeos! S\u00e3o in\u00fameras horas de jogos, eventos e entrevistas capturados e publicados h\u00e1 aproximadamente 5 anos aqui no CapoeiraViva.net","og_url":"https:\/\/www.capoeiraviva.net\/en\/como-funciona\/","og_site_name":"CapoeiraViva.net","article_publisher":"https:\/\/www.facebook.com\/capoeiradarepublica\/","article_modified_time":"2020-04-29T00:12:42+00:00","og_image":[{"width":1980,"height":594,"url":"https:\/\/www.capoeiraviva.net\/wp-content\/uploads\/2018\/07\/18193281_1649698875044522_1124719130507390039_o-12-e1531704920430.jpg","type":"image\/jpeg"}],"twitter_card":"summary_large_image","twitter_misc":{"Est. reading time":"5 minutes"},"schema":{"@context":"https:\/\/schema.org","@graph":[{"@type":"WebPage","@id":"https:\/\/www.capoeiraviva.net\/en\/como-funciona\/","url":"https:\/\/www.capoeiraviva.net\/en\/como-funciona\/","name":"About Us - CapoeiraViva.net","isPartOf":{"@id":"https:\/\/www.capoeiraviva.net\/#website"},"primaryImageOfPage":{"@id":"https:\/\/www.capoeiraviva.net\/en\/como-funciona\/#primaryimage"},"image":{"@id":"https:\/\/www.capoeiraviva.net\/en\/como-funciona\/#primaryimage"},"thumbnailUrl":"https:\/\/www.capoeiraviva.net\/wp-content\/uploads\/2018\/07\/18193281_1649698875044522_1124719130507390039_o-12-e1531704920430.jpg","datePublished":"2019-02-24T05:02:39+00:00","dateModified":"2020-04-29T00:12:42+00:00","description":"(Portugu\u00eas do Brasil) S\u00e3o mais de 10 horas dedicados todas \u00e0s semanas gravando, editando e publicando v\u00eddeos! S\u00e3o in\u00fameras horas de jogos, eventos e entrevistas capturados e publicados h\u00e1 aproximadamente 5 anos aqui no CapoeiraViva.net","breadcrumb":{"@id":"https:\/\/www.capoeiraviva.net\/en\/como-funciona\/#breadcrumb"},"inLanguage":"en-US","potentialAction":[{"@type":"ReadAction","target":["https:\/\/www.capoeiraviva.net\/en\/como-funciona\/"]}]},{"@type":"ImageObject","inLanguage":"en-US","@id":"https:\/\/www.capoeiraviva.net\/en\/como-funciona\/#primaryimage","url":"https:\/\/www.capoeiraviva.net\/wp-content\/uploads\/2018\/07\/18193281_1649698875044522_1124719130507390039_o-12-e1531704920430.jpg","contentUrl":"https:\/\/www.capoeiraviva.net\/wp-content\/uploads\/2018\/07\/18193281_1649698875044522_1124719130507390039_o-12-e1531704920430.jpg","width":1980,"height":594},{"@type":"BreadcrumbList","@id":"https:\/\/www.capoeiraviva.net\/en\/como-funciona\/#breadcrumb","itemListElement":[{"@type":"ListItem","position":1,"name":"In\u00edcio","item":"https:\/\/www.capoeiraviva.net\/"},{"@type":"ListItem","position":2,"name":"About Us"}]},{"@type":"WebSite","@id":"https:\/\/www.capoeiraviva.net\/#website","url":"https:\/\/www.capoeiraviva.net\/","name":"CapoeiraViva.net","description":"Acervo audiovisual de registro hist\u00f3rico da capoeira em S\u00e3o Paulo","publisher":{"@id":"https:\/\/www.capoeiraviva.net\/#organization"},"potentialAction":[{"@type":"SearchAction","target":{"@type":"EntryPoint","urlTemplate":"https:\/\/www.capoeiraviva.net\/?s={search_term_string}"},"query-input":{"@type":"PropertyValueSpecification","valueRequired":true,"valueName":"search_term_string"}}],"inLanguage":"en-US"},{"@type":"Organization","@id":"https:\/\/www.capoeiraviva.net\/#organization","name":"CapoeiraViva.net","url":"https:\/\/www.capoeiraviva.net\/","logo":{"@type":"ImageObject","inLanguage":"en-US","@id":"https:\/\/www.capoeiraviva.net\/#\/schema\/logo\/image\/","url":"https:\/\/www.capoeiraviva.net\/wp-content\/uploads\/2018\/07\/Capture-1.png","contentUrl":"https:\/\/www.capoeiraviva.net\/wp-content\/uploads\/2018\/07\/Capture-1.png","width":390,"height":108,"caption":"CapoeiraViva.net"},"image":{"@id":"https:\/\/www.capoeiraviva.net\/#\/schema\/logo\/image\/"},"sameAs":["https:\/\/www.facebook.com\/capoeiradarepublica\/","https:\/\/www.instagram.com\/capoeiraviva\/","https:\/\/www.youtube.com\/channel\/UCmltguCAFi1opI8iqfMF7ug\/feed"]}]}},"_links":{"self":[{"href":"https:\/\/www.capoeiraviva.net\/en\/wp-json\/wp\/v2\/pages\/1270","targetHints":{"allow":["GET"]}}],"collection":[{"href":"https:\/\/www.capoeiraviva.net\/en\/wp-json\/wp\/v2\/pages"}],"about":[{"href":"https:\/\/www.capoeiraviva.net\/en\/wp-json\/wp\/v2\/types\/page"}],"author":[{"embeddable":true,"href":"https:\/\/www.capoeiraviva.net\/en\/wp-json\/wp\/v2\/users\/1"}],"replies":[{"embeddable":true,"href":"https:\/\/www.capoeiraviva.net\/en\/wp-json\/wp\/v2\/comments?post=1270"}],"version-history":[{"count":65,"href":"https:\/\/www.capoeiraviva.net\/en\/wp-json\/wp\/v2\/pages\/1270\/revisions"}],"predecessor-version":[{"id":1867,"href":"https:\/\/www.capoeiraviva.net\/en\/wp-json\/wp\/v2\/pages\/1270\/revisions\/1867"}],"wp:featuredmedia":[{"embeddable":true,"href":"https:\/\/www.capoeiraviva.net\/en\/wp-json\/wp\/v2\/media\/684"}],"wp:attachment":[{"href":"https:\/\/www.capoeiraviva.net\/en\/wp-json\/wp\/v2\/media?parent=1270"}],"curies":[{"name":"wp","href":"https:\/\/api.w.org\/{rel}","templated":true}]}}